{"id":13507,"date":"2022-12-22T13:48:30","date_gmt":"2022-12-22T13:48:30","guid":{"rendered":"https:\/\/mtn.cm\/\/?page_id=13507"},"modified":"2022-12-22T14:59:24","modified_gmt":"2022-12-22T14:59:24","slug":"mtn-music","status":"publish","type":"page","link":"https:\/\/mtn.cm\/fr\/play\/music\/mtn-music\/","title":{"rendered":"MTN Musique +"},"content":{"rendered":"<div class=\"single-banner-section\">\n    \n            <div id=\"banner-block_f1f2aed8351ba635b6733238f1b41df4\" class=\"banner\">\n                <div class=\"banner-section desktop-only alignedTop textLight dark-overlay\" style=\"background:url(https:\/\/mtn.cm\/wp-content\/uploads\/2022\/12\/PLAY-scaled.jpg);background-size: cover;background-position:center center;\">\n                    <div class =\"banner-heading-section\">    \n                        <div class=\"banner-section-container\">\n                                                     <p class=\"mtn-page-title yello-title\">Musique<\/p>\n                                                                                  <h1 class=\"mtn-heading yello-heading\"><p>MTN Music+<\/p>\n<\/h1>\n                                                                             <p class=\"mtn-subheading yello-subheading\">Sous-titre de la banni\u00e8re<\/p>\n                                                   \n                \n            \n                        <\/div>\n                      \n                    <\/div>\n                <\/div>\n                \n                <div class=\"banner-section mobile-only alignedTop textLight dark-overlay\" style=\"background:url(https:\/\/mtn.cm\/wp-content\/uploads\/2022\/12\/PLAY-scaled.jpg);background-size: cover;background-position:center center;\">\n                    <div class =\"banner-heading-section\">    \n                        <div class=\"banner-section-container\">\n                                                     <p class=\"mtn-page-title yello-title\">Musique<\/p>\n                                                                                  <h1 class=\"mtn-heading yello-heading\"><p>MTN Music+<\/p>\n<\/h1>\n                                                                             <p class=\"mtn-subheading yello-subheading\">Sous-titre de la banni\u00e8re<\/p>\n                                \n                        <\/div>\n                      \n                    <\/div>\n\n                <\/div>\n\n                <div class=\"banner-divider\">\n                <\/div>\n            <\/div>\n    \n            <\/div>\n\n\n\n<div id=\"section-paragraph-block_ce199c693d1d61f3dfc84b736d6c3f96\" class=\"section-paragraph has-text-align-left\">\n<div class=\"mtn-body-text mtn-section paragraph\"><h2>Qu'est-ce que MTN MUSIC+<\/h2>\n<p>MTN Music + est une application mobile pour le service de streaming et de t\u00e9l\u00e9chargement de musique qui h\u00e9bergera des contenus musicaux audio, locaux et internationaux de diff\u00e9rents genres (Hip Hop, R&amp;B, Makossa, Gospel, etc.).<\/p>\n<h2>Comment \u00e7a marche<\/h2>\n<p>Lorsque vous envoyez le mot-cl\u00e9 appropri\u00e9 au 8400, vous \u00eates abonn\u00e9 au service et recevez un lien pour t\u00e9l\u00e9charger l'application MTN Music+. Et devinez quoi : vous recevrez des donn\u00e9es gratuites de volumes d\u00e9finis lorsqu'ils s'abonnent aux forfaits quotidiens, hebdomadaires ou mensuels du service.<\/p>\n\n<table id=\"tablepress-30\" class=\"tablepress tablepress-id-30\">\n<thead>\n<tr class=\"row-1\">\n\t<th class=\"column-1\">Cat\u00e9gories<\/th><th class=\"column-2\">journalier<br \/>\n<\/th><th class=\"column-3\">Hebdomadaire<br \/>\n<\/th><th class=\"column-4\">Mensuel<\/th>\n<\/tr>\n<\/thead>\n<tbody class=\"row-striping row-hover\">\n<tr class=\"row-2\">\n\t<td class=\"column-1\">Mots-cl\u00e9s - Contenu local<\/td><td class=\"column-2\">1<\/td><td class=\"column-3\">3<\/td><td class=\"column-4\">5<\/td>\n<\/tr>\n<tr class=\"row-3\">\n\t<td class=\"column-1\">Mots-cl\u00e9s -Contenu international<\/td><td class=\"column-2\">2<\/td><td class=\"column-3\">4<\/td><td class=\"column-4\">6<\/td>\n<\/tr>\n<\/tbody>\n<\/table>\n<!-- #tablepress-30 from cache -->\n<h2>Combien \u00e7a co\u00fbte?<\/h2>\n\n<table id=\"tablepress-29\" class=\"tablepress tablepress-id-29 tbody-has-connected-cells\">\n<thead>\n<tr class=\"row-1\">\n\t<th class=\"column-1\">Cat\u00e9gorie de contenu<\/th><th class=\"column-2\">Forfait d'abonnement<\/th><th class=\"column-3\">Frais d'abonnement (FCFA)<\/th><th class=\"column-4\">Bonus de donn\u00e9es allou\u00e9<\/th>\n<\/tr>\n<\/thead>\n<tbody class=\"row-striping row-hover\">\n<tr class=\"row-2\">\n\t<td rowspan=\"3\" class=\"column-1\">Contenu local<\/td><td class=\"column-2\">Quotidien (avec 3 jours d'essai gratuit)<\/td><td class=\"column-3\">100<\/td><td class=\"column-4\">30 Mo<\/td>\n<\/tr>\n<tr class=\"row-3\">\n\t<td class=\"column-2\">Hebdomadaire<\/td><td class=\"column-3\">700<\/td><td class=\"column-4\">100 Mo<\/td>\n<\/tr>\n<tr class=\"row-4\">\n\t<td class=\"column-2\">Mensuel<\/td><td class=\"column-3\">2000<\/td><td class=\"column-4\">300 Mo<\/td>\n<\/tr>\n<tr class=\"row-5\">\n\t<td rowspan=\"3\" class=\"column-1\">Contenu international<\/td><td class=\"column-2\">journalier<\/td><td class=\"column-3\">250<\/td><td class=\"column-4\">30 Mo<\/td>\n<\/tr>\n<tr class=\"row-6\">\n\t<td class=\"column-2\">Hebdomadaire<\/td><td class=\"column-3\">1000<\/td><td class=\"column-4\">100 Mo<\/td>\n<\/tr>\n<tr class=\"row-7\">\n\t<td class=\"column-2\">Mensuel<\/td><td class=\"column-3\">3000<\/td><td class=\"column-4\">300 Mo<\/td>\n<\/tr>\n<\/tbody>\n<\/table>\n<!-- #tablepress-29 from cache -->\n<\/div>\n<\/div>","protected":false},"excerpt":{"rendered":"","protected":false},"author":2,"featured_media":0,"parent":808,"menu_order":0,"comment_status":"closed","ping_status":"closed","template":"","meta":{"_acf_changed":false,"footnotes":""},"class_list":["post-13507","page","type-page","status-publish","hentry"],"acf":[],"_links":{"self":[{"href":"https:\/\/mtn.cm\/fr\/wp-json\/wp\/v2\/pages\/13507","targetHints":{"allow":["GET"]}}],"collection":[{"href":"https:\/\/mtn.cm\/fr\/wp-json\/wp\/v2\/pages"}],"about":[{"href":"https:\/\/mtn.cm\/fr\/wp-json\/wp\/v2\/types\/page"}],"author":[{"embeddable":true,"href":"https:\/\/mtn.cm\/fr\/wp-json\/wp\/v2\/users\/2"}],"replies":[{"embeddable":true,"href":"https:\/\/mtn.cm\/fr\/wp-json\/wp\/v2\/comments?post=13507"}],"version-history":[{"count":2,"href":"https:\/\/mtn.cm\/fr\/wp-json\/wp\/v2\/pages\/13507\/revisions"}],"predecessor-version":[{"id":13511,"href":"https:\/\/mtn.cm\/fr\/wp-json\/wp\/v2\/pages\/13507\/revisions\/13511"}],"up":[{"embeddable":true,"href":"https:\/\/mtn.cm\/fr\/wp-json\/wp\/v2\/pages\/808"}],"wp:attachment":[{"href":"https:\/\/mtn.cm\/fr\/wp-json\/wp\/v2\/media?parent=13507"}],"curies":[{"name":"wp","href":"https:\/\/api.w.org\/{rel}","templated":true}]}}