{"id":13498,"date":"2022-12-22T13:40:49","date_gmt":"2022-12-22T13:40:49","guid":{"rendered":"https:\/\/mtn.cm\/\/?page_id=13498"},"modified":"2023-03-01T12:50:57","modified_gmt":"2023-03-01T12:50:57","slug":"mtn-zik","status":"publish","type":"page","link":"https:\/\/mtn.cm\/fr\/play\/music\/mtn-zik\/","title":{"rendered":"MTN Zik"},"content":{"rendered":"<div class=\"single-banner-section\">\n    \n            <div id=\"banner-block_3c4e4f755c55bb014a72893990aec7c0\" class=\"banner\">\n                <div class=\"banner-section desktop-only alignedBottom textLight dark-overlay\" style=\"background:url(https:\/\/mtn.cm\/wp-content\/uploads\/2022\/12\/WhatsApp-Image-2019-10-05-at-11.01.57-PM.jpeg);background-size: cover;background-position:center center;\">\n                    <div class =\"banner-heading-section\">    \n                        <div class=\"banner-section-container\">\n                                                     <p class=\"mtn-page-title yello-title\">Musique<\/p>\n                                                                                  <h1 class=\"mtn-heading yello-heading\"><p>MTN ZIK<\/p>\n<\/h1>\n                                                                        \n                \n            \n                        <\/div>\n                      \n                    <\/div>\n                <\/div>\n                \n                <div class=\"banner-section mobile-only alignedBottom textLight dark-overlay\" style=\"background:url(https:\/\/mtn.cm\/wp-content\/uploads\/2022\/12\/WhatsApp-Image-2019-10-05-at-11.01.57-PM.jpeg);background-size: cover;background-position:center center;\">\n                    <div class =\"banner-heading-section\">    \n                        <div class=\"banner-section-container\">\n                                                     <p class=\"mtn-page-title yello-title\">Musique<\/p>\n                                                                                  <h1 class=\"mtn-heading yello-heading\"><p>MTN ZIK<\/p>\n<\/h1>\n                                                     \n                        <\/div>\n                      \n                    <\/div>\n\n                <\/div>\n\n                <div class=\"banner-divider\">\n                <\/div>\n            <\/div>\n    \n            <\/div>\n\n\n\n<div id=\"section-paragraph-block_c80605fab05c824283c8a1e4730df8ba\" class=\"section-paragraph has-text-align-left\">\n<div class=\"mtn-body-text mtn-section paragraph\"><h2>Qu'est-ce que MTN ZIK<\/h2>\n<p>MTN ZIK est un service qui permet aux clients de d\u00e9finir des chansons populaires comme sonneries (le fameux bip). Avec MTN ZIK, vous d\u00e9terminez ce que les appelants entendent lorsqu'ils vous appellent. Les abonn\u00e9s MTN pourront remplacer la sonnerie par une musique personnalis\u00e9e, des effets sonores ou des blagues. Ainsi, lorsque l'appelant compose votre num\u00e9ro, il entend gratuitement le fond sonore que vous avez choisi.<\/p>\n<h2>Comment s\u2019abonner \u00e0 MTN Zik ?<\/h2>\n<p>L'abonnement \u00e0 MTN ZIK est simple. Pour vous abonner, composez *192# et s\u00e9lectionnez votre langue pr\u00e9f\u00e9r\u00e9e. En fonction de votre solde, vous pourrez t\u00e9l\u00e9charger une ZIK a:<\/p>\n<ul>\n<li>150 U\/30 jours<\/li>\n<li>100 U\/20 jours<\/li>\n<li>50 U\/7 jours<\/li>\n<\/ul>\n<p><strong><u>Comment trouver sa ZIK?<\/u><\/strong><\/p>\n<p>Chez MTN ZIK, le choix vous appartient ! Composez *192# et acc\u00e9dez \u00e0 une merveilleuse vari\u00e9t\u00e9 de ZIK de diff\u00e9rentes cat\u00e9gories telles que Afrobeat, Hip Hop, Old School, Rock 'n' roll, Religieux, Jazz, Zouk, RnB, et plus encore. \nN'h\u00e9sitez pas ! Composez *192# et t\u00e9l\u00e9chargez une ZIK d\u2019attente<\/p>\n<p>N'h\u00e9sitez pas ! Composez *192# et t\u00e9l\u00e9chargez une ZIK d\u2019attente<\/p>\n<p><strong><u>Quels contenus sont disponibles sur MTN Zik ?<\/u><\/strong><\/p>\n<p>MTN ZIK propose les tubes Camerounais, Africains et Internationaux les plus populaires.<\/p>\n<p><strong><u>En un coup d'\u0153il\u00a0: <\/u><\/strong><\/p>\n<ul>\n<li>Controller Remix by Rinyu ft Locko<\/li>\n<li>Amour et Argent by Ambe ft Mani Bella<\/li>\n<li>Sucre Nouveau by Salatiel<\/li>\n<li>Calm Down by Rema<\/li>\n<li>A Chacun sa Chance by Krys M<\/li>\n<\/ul>\n<\/div>\n<\/div>","protected":false},"excerpt":{"rendered":"","protected":false},"author":2,"featured_media":0,"parent":808,"menu_order":0,"comment_status":"closed","ping_status":"closed","template":"","meta":{"_acf_changed":false,"footnotes":""},"class_list":["post-13498","page","type-page","status-publish","hentry"],"acf":[],"_links":{"self":[{"href":"https:\/\/mtn.cm\/fr\/wp-json\/wp\/v2\/pages\/13498","targetHints":{"allow":["GET"]}}],"collection":[{"href":"https:\/\/mtn.cm\/fr\/wp-json\/wp\/v2\/pages"}],"about":[{"href":"https:\/\/mtn.cm\/fr\/wp-json\/wp\/v2\/types\/page"}],"author":[{"embeddable":true,"href":"https:\/\/mtn.cm\/fr\/wp-json\/wp\/v2\/users\/2"}],"replies":[{"embeddable":true,"href":"https:\/\/mtn.cm\/fr\/wp-json\/wp\/v2\/comments?post=13498"}],"version-history":[{"count":10,"href":"https:\/\/mtn.cm\/fr\/wp-json\/wp\/v2\/pages\/13498\/revisions"}],"predecessor-version":[{"id":15045,"href":"https:\/\/mtn.cm\/fr\/wp-json\/wp\/v2\/pages\/13498\/revisions\/15045"}],"up":[{"embeddable":true,"href":"https:\/\/mtn.cm\/fr\/wp-json\/wp\/v2\/pages\/808"}],"wp:attachment":[{"href":"https:\/\/mtn.cm\/fr\/wp-json\/wp\/v2\/media?parent=13498"}],"curies":[{"name":"wp","href":"https:\/\/api.w.org\/{rel}","templated":true}]}}