{"id":13483,"date":"2022-12-22T13:18:38","date_gmt":"2022-12-22T13:18:38","guid":{"rendered":"https:\/\/mtn.cm\/\/?page_id=13483"},"modified":"2022-12-22T15:08:17","modified_gmt":"2022-12-22T15:08:17","slug":"mtn-shortz","status":"publish","type":"page","link":"https:\/\/mtn.cm\/fr\/play\/video\/mtn-shortz\/","title":{"rendered":"MTN Shortz"},"content":{"rendered":"<div class=\"single-banner-section\">\n    \n            <div id=\"banner-block_735cecf3fafb683d1ed4da3bc1e1bfb5\" class=\"banner\">\n                <div class=\"banner-section desktop-only alignedBottom textLight dark-overlay\" style=\"background:url(https:\/\/mtn.cm\/wp-content\/uploads\/2022\/12\/MTN_Mass_1301517-scaled.jpg);background-size: cover;background-position:center center;\">\n                    <div class =\"banner-heading-section\">    \n                        <div class=\"banner-section-container\">\n                                                     <p class=\"mtn-page-title yello-title\">Jouer<\/p>\n                                                                                  <h1 class=\"mtn-heading yello-heading\"><p>MTN Shortz<\/p>\n<\/h1>\n                                                                        \n                \n            \n                        <\/div>\n                      \n                    <\/div>\n                <\/div>\n                \n                <div class=\"banner-section mobile-only alignedBottom textLight dark-overlay\" style=\"background:url(https:\/\/mtn.cm\/wp-content\/uploads\/2022\/12\/MTN_Mass_1301517-scaled.jpg);background-size: cover;background-position:center center;\">\n                    <div class =\"banner-heading-section\">    \n                        <div class=\"banner-section-container\">\n                                                     <p class=\"mtn-page-title yello-title\">Jouer<\/p>\n                                                                                  <h1 class=\"mtn-heading yello-heading\"><p>MTN Shortz<\/p>\n<\/h1>\n                                                     \n                        <\/div>\n                      \n                    <\/div>\n\n                <\/div>\n\n                <div class=\"banner-divider\">\n                <\/div>\n            <\/div>\n    \n            <\/div>\n\n\n\n<div id=\"section-paragraph-block_821b914a670ee158e1388f13c7587fe4\" class=\"section-paragraph has-text-align-left\">\n<div class=\"mtn-body-text mtn-section paragraph\"><h2>Qu'est-ce que MTN SHORTZ<\/h2>\n<p>MTN Shortz n'est pas comme les cha\u00eenes de t\u00e9l\u00e9vision, c'est une plateforme qui propose une s\u00e9lection de vid\u00e9os sur le m\u00eame sujet : com\u00e9die, cin\u00e9ma, football, recettes de cuisine, conseils femmes (beaut\u00e9, coiffure, mode...) et plus encore. Sur Shortz, vous pouvez trouver les meilleures com\u00e9dies camerounaises ainsi que des com\u00e9diens individuels, les derni\u00e8res mises \u00e0 jour sur le sport, des recettes de cuisine et m\u00eame des conseils de mode. Sur shortz, vous pouvez trouver un minimum de 20 vid\u00e9os dans chaque cha\u00eene. De plus, de nouvelles vid\u00e9os sont ajout\u00e9es chaque semaine.<\/p>\n<h2>Quel est le co\u00fbt?<\/h2>\n<p>MTN Shortz fonctionne sur la base d'un abonnement. Pour vous abonner, Depuis le menu de la plateforme MTN Shortz, rendez-vous sur\u00a0<a href=\"http:\/\/shortz.mtn.cm\/shortz\/defaultx.aspx?typxm=channelspage&amp;qid=&amp;lang=engl\">Toutes les cha\u00eenes<\/a>, puis s\u00e9lectionnez une cha\u00eene et cliquez sur le bouton \"s'abonner\". Pour en savoir plus et acc\u00e9der \u00e0 cette plateforme, visitez\u00a0<a href=\"http:\/\/shortz.mtn.cm\/shortz\/defaultx.aspx?lang=en\">MTN Shortz<\/a><\/p>\n<p>L'abonnement \u00e0 MTN Shortz co\u00fbte 99 F et est valable 24 heures. Il n'y a pas de frais pour regarder une vid\u00e9o, une fois que vous payez 99F pour l'abonnement, c'est pour l'acc\u00e8s \u00e0 toutes les vid\u00e9os de cette cha\u00eene. Pour acc\u00e9der \u00e0 une vid\u00e9o, vous devez d'abord vous abonner \u00e0 la cha\u00eene \u00e0 laquelle appartient cette vid\u00e9o, puis vous pouvez regarder cette vid\u00e9o et toutes les autres vid\u00e9os de cette cha\u00eene. Apr\u00e8s vous \u00eatre abonn\u00e9 \u00e0 une cha\u00eene, vous pouvez regarder toutes les vid\u00e9os de cette cha\u00eene.<\/p>\n<\/div>\n<\/div>","protected":false},"excerpt":{"rendered":"","protected":false},"author":2,"featured_media":0,"parent":802,"menu_order":0,"comment_status":"closed","ping_status":"closed","template":"","meta":{"_acf_changed":false,"footnotes":""},"class_list":["post-13483","page","type-page","status-publish","hentry"],"acf":[],"_links":{"self":[{"href":"https:\/\/mtn.cm\/fr\/wp-json\/wp\/v2\/pages\/13483","targetHints":{"allow":["GET"]}}],"collection":[{"href":"https:\/\/mtn.cm\/fr\/wp-json\/wp\/v2\/pages"}],"about":[{"href":"https:\/\/mtn.cm\/fr\/wp-json\/wp\/v2\/types\/page"}],"author":[{"embeddable":true,"href":"https:\/\/mtn.cm\/fr\/wp-json\/wp\/v2\/users\/2"}],"replies":[{"embeddable":true,"href":"https:\/\/mtn.cm\/fr\/wp-json\/wp\/v2\/comments?post=13483"}],"version-history":[{"count":11,"href":"https:\/\/mtn.cm\/fr\/wp-json\/wp\/v2\/pages\/13483\/revisions"}],"predecessor-version":[{"id":13557,"href":"https:\/\/mtn.cm\/fr\/wp-json\/wp\/v2\/pages\/13483\/revisions\/13557"}],"up":[{"embeddable":true,"href":"https:\/\/mtn.cm\/fr\/wp-json\/wp\/v2\/pages\/802"}],"wp:attachment":[{"href":"https:\/\/mtn.cm\/fr\/wp-json\/wp\/v2\/media?parent=13483"}],"curies":[{"name":"wp","href":"https:\/\/api.w.org\/{rel}","templated":true}]}}