{"id":13472,"date":"2022-12-22T13:07:06","date_gmt":"2022-12-22T13:07:06","guid":{"rendered":"https:\/\/mtn.cm\/\/?page_id=13472"},"modified":"2023-03-01T10:48:14","modified_gmt":"2023-03-01T10:48:14","slug":"yabadoo-2","status":"publish","type":"page","link":"https:\/\/mtn.cm\/fr\/play\/video\/yabadoo-2\/","title":{"rendered":"Yabadoo"},"content":{"rendered":"<div class=\"single-banner-section\">\n    \n            <div id=\"banner-block_f11659d0f6195fb663188e15fba0944c\" class=\"banner\">\n                <div class=\"banner-section desktop-only alignedBottom textLight dark-overlay\" style=\"background:url(https:\/\/mtn.cm\/wp-content\/uploads\/2022\/12\/1200x628-1.jpg);background-size: cover;background-position:center center;\">\n                    <div class =\"banner-heading-section\">    \n                        <div class=\"banner-section-container\">\n                                                     <p class=\"mtn-page-title yello-title\">Videos<\/p>\n                                                                                  <h1 class=\"mtn-heading yello-heading\"><p>Yabadoo<\/p>\n<\/h1>\n                                                                        \n                \n            \n                        <\/div>\n                      \n                    <\/div>\n                <\/div>\n                \n                <div class=\"banner-section mobile-only alignedBottom textLight dark-overlay\" style=\"background:url(https:\/\/mtn.cm\/wp-content\/uploads\/2022\/12\/1200x628-1.jpg);background-size: cover;background-position:center center;\">\n                    <div class =\"banner-heading-section\">    \n                        <div class=\"banner-section-container\">\n                                                     <p class=\"mtn-page-title yello-title\">Videos<\/p>\n                                                                                  <h1 class=\"mtn-heading yello-heading\"><p>Yabadoo<\/p>\n<\/h1>\n                                                     \n                        <\/div>\n                      \n                    <\/div>\n\n                <\/div>\n\n                <div class=\"banner-divider\">\n                <\/div>\n            <\/div>\n    \n            <\/div>\n\n\n<div id=\"section-heading-block_4f988044748b09b4f51d9b59ae14bec9\" class=\"section-heading has-text-align-left\">\n<div class=\"mtn-section\">\n<h3 class=\"mtn-heading size-Responsive section-heading\">Yabadoo<\/h3>\n<\/div>\n<\/div>\n\n<div id=\"section-intro-block_fc1acf6b5b00db6a21da2895af84fe6b\" class=\"section-intro has-text-align-left\">\n<div class=\"mtn-body-text mtn-section intro-Full intro\"><p>Qu'est-ce que Yabadoo<\/p>\n<\/div>\n<\/div>\n\n\n<div id=\"section-paragraph-block_b0ff012f69a6054ccb84ff681b38ac04\" class=\"section-paragraph has-text-align-left\">\n<div class=\"mtn-body-text mtn-section paragraph\"><p><!-- wp:paragraph --><\/p>\n<p>Yabadoo est une application mobile qui vous permet de regarder votre\u00a0<strong>programmes de t\u00e9l\u00e9vision pr\u00e9f\u00e9r\u00e9s<\/strong>\u00a0sur votre smartphone\u00a0<strong>sans utiliser votre forfait Internet<\/strong>. Outre la t\u00e9l\u00e9vision en direct, vous pouvez \u00e9galement regarder un riche catalogue de films et de s\u00e9ries \u00e0 la demande (Action, Aventure, Animation, Thriller, Com\u00e9die, Drame et romance\u2026).<\/p>\n<p><!-- \/wp:paragraph --> <!-- wp:heading {\"level\":5} --><\/p>\n<h3><strong>Comment commencer?<\/strong><\/h3>\n<p><!-- \/wp:heading --> <!-- wp:paragraph --><\/p>\n<p>Une fois l'application install\u00e9e, enregistrez-vous avec votre num\u00e9ro de t\u00e9l\u00e9phone et commencez \u00e0 explorer le catalogue Yabadoo de bouquets TV et de s\u00e9ries\/films ! T\u00e9l\u00e9chargez simplement gratuitement :\u00a0<a href=\"https:\/\/play.google.com\/store\/apps\/details?id=apli.tv.yabadoo\">https:\/\/play.google.com\/store\/apps\/details?id=apli.tv.yabadoo<\/a>,\u00a0<a href=\"https:\/\/itunes.apple.com\/us\/app\/yabadoo\/id1434288939?mt=8\">App Store for iPhone<\/a>.<\/p>\n<p><!-- \/wp:paragraph --> <!-- wp:heading {\"level\":5} --><\/p>\n<h3>Comment souscrire ?<\/h3>\n<p><!-- \/wp:heading --> <!-- wp:paragraph --><\/p>\n<p>Pour vous abonner \u00e0 un contenu, il vous suffit de cliquer dessus et de confirmer votre choix. Votre temps d'antenne sera alors d\u00e9bit\u00e9 du montant de l'abonnement et vous aurez automatiquement acc\u00e8s \u00e0 vos contenus.<\/p>\n<p><!-- \/wp:paragraph --> <!-- wp:heading {\"level\":5} --><\/p>\n<h3>Offres et tarifs<\/h3>\n<p><!-- \/wp:heading --> <!-- wp:paragraph --><\/p>\n<p>Votre forfait internet n'est pas d\u00e9bit\u00e9 lorsque vous utilisez Yabadoo et vous ne payez que pour acc\u00e9der \u00e0 des contenus (bouquets TV ou films\/s\u00e9ries \u00e0 la demande).<\/p>\n\n<table id=\"tablepress-26\" class=\"tablepress tablepress-id-26 tbody-has-connected-cells\">\n<thead>\n<tr class=\"row-1\">\n\t<th class=\"column-1\">Forfait<\/th><th class=\"column-2\">Channels <\/th><th class=\"column-3\">Prix<\/th><th class=\"column-4\">Validit\u00e9<\/th>\n<\/tr>\n<\/thead>\n<tbody class=\"row-striping row-hover\">\n<tr class=\"row-2\">\n\t<td rowspan=\"3\" class=\"column-1\">Bouquet Sports<\/td><td rowspan=\"3\" class=\"column-2\">CRTV Sports, Actualit\u00e9 Sportive TV, Football Love, Combat TV , Jeux Vid\u00e9os TV, Entrainement Sportive TV , Sports Xtreme TV , Sant\u00e9 TV, Speed TV<\/td><td class=\"column-3\">50 Fcfa<\/td><td class=\"column-4\">24 Hrs<\/td>\n<\/tr>\n<tr class=\"row-3\">\n\t<td class=\"column-3\">200 Fcfa<\/td><td class=\"column-4\">7 jours <\/td>\n<\/tr>\n<tr class=\"row-4\">\n\t<td class=\"column-3\">650 Fcfa<\/td><td class=\"column-4\">30 jours<\/td>\n<\/tr>\n<tr class=\"row-5\">\n\t<td rowspan=\"4\" class=\"column-1\">Bouquet de L\u2019info<\/td><td rowspan=\"4\" class=\"column-2\">Equinoxe TV, Canal 2 Internationale, CRTV, France 24, Knowledge+ Africa<\/td><td class=\"column-3\">50 Fcfa<\/td><td class=\"column-4\">24hrs <\/td>\n<\/tr>\n<tr class=\"row-6\">\n\t<td class=\"column-3\">200 Fcfa<\/td><td class=\"column-4\">7 jours<\/td>\n<\/tr>\n<tr class=\"row-7\">\n\t<td class=\"column-3\">650 Fcfa<\/td><td class=\"column-4\">30 jours<\/td>\n<\/tr>\n<tr class=\"row-8\">\n\t<td class=\"column-3\"><\/td><td class=\"column-4\"><\/td>\n<\/tr>\n<tr class=\"row-9\">\n\t<td class=\"column-1\">Bouquet de famille<\/td><td class=\"column-2\">Equinoxe TV, Passion Novelas, Dessins Anim\u00e9s Tv<\/td><td class=\"column-3\">20 Fcfa<\/td><td class=\"column-4\">24hrs <\/td>\n<\/tr>\n<tr class=\"row-10\">\n\t<td rowspan=\"3\" class=\"column-1\">Bouquet d\u00e9couverte<\/td><td rowspan=\"3\" class=\"column-2\">Passion Novelas , Equinoxe Tv, Canal 2 Movies , Canal 2 Internationale , CRTV News , Vision 4, Afrique Media, Boom Tv, STV, AfricaNews<\/td><td class=\"column-3\">100 Fcfa<\/td><td class=\"column-4\">24hrs<\/td>\n<\/tr>\n<tr class=\"row-11\">\n\t<td class=\"column-3\">500 Fcfa<\/td><td class=\"column-4\">7 jours<\/td>\n<\/tr>\n<tr class=\"row-12\">\n\t<td class=\"column-3\">1500 Fcfa<\/td><td class=\"column-4\">30 jours<\/td>\n<\/tr>\n<tr class=\"row-13\">\n\t<td rowspan=\"4\" class=\"column-1\">Le Trio de D\u00e9couverte<\/td><td rowspan=\"4\" class=\"column-2\">STV, Equinoxe Tv, Canal 2 Movies , TV5 Monde , Live Music TV, Sant\u00e9 TV<\/td><td class=\"column-3\">0 Fcfa<\/td><td class=\"column-4\">30 Days trial period<\/td>\n<\/tr>\n<tr class=\"row-14\">\n\t<td class=\"column-3\">50 Fcfa<\/td><td class=\"column-4\">24 hrs<\/td>\n<\/tr>\n<tr class=\"row-15\">\n\t<td class=\"column-3\">200 Fcfa<\/td><td class=\"column-4\">7 jours <\/td>\n<\/tr>\n<tr class=\"row-16\">\n\t<td class=\"column-3\">650 Fcfa<\/td><td class=\"column-4\">30 jours<\/td>\n<\/tr>\n<tr class=\"row-17\">\n\t<td rowspan=\"3\" class=\"column-1\">Bouquet Talk<\/td><td rowspan=\"3\" class=\"column-2\">Lifestyle TV, Football Love , Good game , English Learner TV, The Food Channel, Xtreme Sports TV, Travel, Superyacht TV, Speed TV , Short films , Pretty Tv , Nature TV, Gamer Tv, HowTo, Fight Club, Equinoxe Tv, Sant\u00e9 Tv, Knowledge+ Africa, Movies News, MMovies English, Cartoon Tv, One Tv , Fashion Tv, Gossip, Deutsche Welle, Series Tv, Africa News<\/td><td class=\"column-3\">100 Fcfa<\/td><td class=\"column-4\">24hrs<\/td>\n<\/tr>\n<tr class=\"row-18\">\n\t<td class=\"column-3\">500 Fcfa<\/td><td class=\"column-4\">7 jours <\/td>\n<\/tr>\n<tr class=\"row-19\">\n\t<td class=\"column-3\">1500 Fcfa<\/td><td class=\"column-4\">30 jours<\/td>\n<\/tr>\n<tr class=\"row-20\">\n\t<td rowspan=\"3\" class=\"column-1\">Bouquet de reves <\/td><td rowspan=\"3\" class=\"column-2\">Serie de comedie, Passion Novelas , Savannah Tv, Vox Africa, TV5Monde Style , Canal 2 Movies , M Music , M Media Prime , M Gospel, Actu C\u00e9l\u00e9brit\u00e9e, TV Beaut\u00e9, En Cuisine TV, Voyage Culturel TV, Court M\u00e9trage Tv, Actu Films Tv, Relax Tv, Tutoriels TV<\/td><td class=\"column-3\">100 Fcfa<\/td><td class=\"column-4\">24 hrs<\/td>\n<\/tr>\n<tr class=\"row-21\">\n\t<td class=\"column-3\">500 Fcfa<\/td><td class=\"column-4\">7 jours<\/td>\n<\/tr>\n<tr class=\"row-22\">\n\t<td class=\"column-3\">1500 Fcfa<\/td><td class=\"column-4\">30 jours<\/td>\n<\/tr>\n<tr class=\"row-23\">\n\t<td rowspan=\"3\" class=\"column-1\">Bouquet des Jeux<\/td><td rowspan=\"3\" class=\"column-2\">Cartoon Tv, Joker TV, Karaoke TV, Karaoke kids Tv, Speed TV, Kids Tv, Mangas, Dessins Animes TV, Tivi5 Monde <\/td><td class=\"column-3\">100Fcfa<\/td><td class=\"column-4\">24 hrs <\/td>\n<\/tr>\n<tr class=\"row-24\">\n\t<td class=\"column-3\">200 Fcfa<\/td><td class=\"column-4\">7 jours<\/td>\n<\/tr>\n<tr class=\"row-25\">\n\t<td class=\"column-3\">700 Fcfa<\/td><td class=\"column-4\">30 jours<\/td>\n<\/tr>\n<tr class=\"row-26\">\n\t<td rowspan=\"4\" class=\"column-1\">Bouquet des emotions <\/td><td rowspan=\"4\" class=\"column-2\">Passion Novelas , Savannah TV , M movie English, Live Music Tv , Series TV<\/td><td class=\"column-3\">50 Fcfa<\/td><td class=\"column-4\">24hrs <\/td>\n<\/tr>\n<tr class=\"row-27\">\n\t<td class=\"column-3\">200 Fcfa<\/td><td class=\"column-4\">7 jours<\/td>\n<\/tr>\n<tr class=\"row-28\">\n\t<td class=\"column-3\">650 Fcfa<\/td><td class=\"column-4\">30 jours  <\/td>\n<\/tr>\n<tr class=\"row-29\">\n\t<td class=\"column-3\"><\/td><td class=\"column-4\"><\/td>\n<\/tr>\n<tr class=\"row-30\">\n\t<td rowspan=\"6\" class=\"column-1\">Bouquet Gold <\/td><td rowspan=\"6\" class=\"column-2\">Toutes les cha\u00eenes sur Yabadoo<\/td><td class=\"column-3\">200 Fcfa<\/td><td class=\"column-4\">24hrs <\/td>\n<\/tr>\n<tr class=\"row-31\">\n\t<td class=\"column-3\">1300 Fcfa<\/td><td class=\"column-4\">7 jours<\/td>\n<\/tr>\n<tr class=\"row-32\">\n\t<td class=\"column-3\">0 Fcfa<\/td><td class=\"column-4\">7 jours \u2013 Bonus de Parrainage<\/td>\n<\/tr>\n<tr class=\"row-33\">\n\t<td class=\"column-3\"><\/td><td class=\"column-4\"><\/td>\n<\/tr>\n<tr class=\"row-34\">\n\t<td class=\"column-3\">3500 Fcfa<\/td><td class=\"column-4\">30 jours<\/td>\n<\/tr>\n<tr class=\"row-35\">\n\t<td class=\"column-3\"><\/td><td class=\"column-4\"><\/td>\n<\/tr>\n<tr class=\"row-36\">\n\t<td class=\"column-1\"><\/td><td class=\"column-2\"><\/td><td class=\"column-3\"><\/td><td class=\"column-4\"><\/td>\n<\/tr>\n<\/tbody>\n<\/table>\n<!-- #tablepress-26 from cache -->\n<p><strong>On-demand movies and series:\u00a0<\/strong>Subscriber can rent series and movies for a defined period:<\/p>\n\n<table id=\"tablepress-27\" class=\"tablepress tablepress-id-27\">\n<thead>\n<tr class=\"row-1\">\n\t<th class=\"column-1\">Rental<\/th><th class=\"column-2\">Pricing<\/th>\n<\/tr>\n<\/thead>\n<tbody class=\"row-striping row-hover\">\n<tr class=\"row-2\">\n\t<td class=\"column-1\">Location d'un film pour 1 semaine<\/td><td class=\"column-2\">350F<\/td>\n<\/tr>\n<tr class=\"row-3\">\n\t<td class=\"column-1\">Location de s\u00e9rie (1 saison) pour 1 semaine<\/td><td class=\"column-2\">500F<\/td>\n<\/tr>\n<tr class=\"row-4\">\n\t<td class=\"column-1\">Location de s\u00e9rie (1 saison) pour 1 mois<\/td><td class=\"column-2\">1500F<\/td>\n<\/tr>\n<\/tbody>\n<\/table>\n<!-- #tablepress-27 from cache -->\n<p>De nouveaux contenus sont t\u00e9l\u00e9charg\u00e9s r\u00e9guli\u00e8rement pour garder la plate-forme fra\u00eeche et attrayante pour vous.<\/p>\n<p><strong>T\u00e9l\u00e9chargez Yabadoo maintenant \u00a0<a href=\"https:\/\/play.google.com\/store\/apps\/details?id=apli.tv.yabadoo\">https:\/\/play.google.com\/store\/apps\/details?id=apli.tv.yabadoo<\/a>,\u00a0<a href=\"https:\/\/itunes.apple.com\/us\/app\/yabadoo\/id1434288939?mt=8\">App Store for iPhone<\/a>\u00a0et commencez \u00e0 profiter\u00a0!<\/strong>\u00a0<strong>Get a promo<\/strong>Film gratuit tous les mercredis ! Jusqu'en d\u00e9cembre 2019, MTN vous offre un film gratuit tous les mercredis ! Suivez-nous sur les r\u00e9seaux sociaux ou t\u00e9l\u00e9chargez l'application Yabadoo (Android, iPhone) pour ne pas rater le film que nous vous proposerons.<\/p>\n<p><!-- \/wp:paragraph --><\/p>\n<\/div>\n<\/div>","protected":false},"excerpt":{"rendered":"","protected":false},"author":2,"featured_media":13474,"parent":802,"menu_order":0,"comment_status":"closed","ping_status":"closed","template":"","meta":{"_acf_changed":false,"footnotes":""},"class_list":["post-13472","page","type-page","status-publish","has-post-thumbnail","hentry"],"acf":[],"_links":{"self":[{"href":"https:\/\/mtn.cm\/fr\/wp-json\/wp\/v2\/pages\/13472","targetHints":{"allow":["GET"]}}],"collection":[{"href":"https:\/\/mtn.cm\/fr\/wp-json\/wp\/v2\/pages"}],"about":[{"href":"https:\/\/mtn.cm\/fr\/wp-json\/wp\/v2\/types\/page"}],"author":[{"embeddable":true,"href":"https:\/\/mtn.cm\/fr\/wp-json\/wp\/v2\/users\/2"}],"replies":[{"embeddable":true,"href":"https:\/\/mtn.cm\/fr\/wp-json\/wp\/v2\/comments?post=13472"}],"version-history":[{"count":4,"href":"https:\/\/mtn.cm\/fr\/wp-json\/wp\/v2\/pages\/13472\/revisions"}],"predecessor-version":[{"id":13480,"href":"https:\/\/mtn.cm\/fr\/wp-json\/wp\/v2\/pages\/13472\/revisions\/13480"}],"up":[{"embeddable":true,"href":"https:\/\/mtn.cm\/fr\/wp-json\/wp\/v2\/pages\/802"}],"wp:featuredmedia":[{"embeddable":true,"href":"https:\/\/mtn.cm\/fr\/wp-json\/wp\/v2\/media\/13474"}],"wp:attachment":[{"href":"https:\/\/mtn.cm\/fr\/wp-json\/wp\/v2\/media?parent=13472"}],"curies":[{"name":"wp","href":"https:\/\/api.w.org\/{rel}","templated":true}]}}