{"id":13343,"date":"2023-02-27T14:17:00","date_gmt":"2023-02-27T14:17:00","guid":{"rendered":"https:\/\/mtn.cm\/\/?page_id=13343"},"modified":"2023-03-02T09:05:32","modified_gmt":"2023-03-02T09:05:32","slug":"insurance-2","status":"publish","type":"page","link":"https:\/\/mtn.cm\/fr\/personal\/explore\/insurance-2\/","title":{"rendered":"Assurance"},"content":{"rendered":"<div class=\"single-banner-section\">\n    \n            <div id=\"banner-block_7dc21e2084895b6233a77009b557654b\" class=\"banner\">\n                <div class=\"banner-section desktop-only alignedBottom textDark no-overlay\" style=\"background:url(https:\/\/mtn.cm\/wp-content\/uploads\/2023\/02\/insure.jpg);background-size: cover;background-position:center center;\">\n                    <div class =\"banner-heading-section\">    \n                        <div class=\"banner-section-container\">\n                                                     <p class=\"mtn-page-title yello-title\">APER\u00c7U DE L'ASSURANCE<\/p>\n                                                                                  <h1 class=\"mtn-heading yello-heading\"><p class=\"translation-block\">Pr\u00e9parez-vous pour le<br>\ninattendu.<\/p>\n<\/h1>\n                                                                             <p class=\"mtn-subheading yello-subheading\">Obtenez la tranquillit\u00e9 d'esprit que vous m\u00e9ritez<\/p>\n                                                   \n                \n            \n                        <\/div>\n                      \n                    <\/div>\n                <\/div>\n                \n                <div class=\"banner-section mobile-only alignedBottom textDark no-overlay\" style=\"background:url(https:\/\/mtn.cm\/wp-content\/uploads\/2023\/02\/insure.jpg);background-size: cover;background-position:center center;\">\n                    <div class =\"banner-heading-section\">    \n                        <div class=\"banner-section-container\">\n                                                     <p class=\"mtn-page-title yello-title\">APER\u00c7U DE L'ASSURANCE<\/p>\n                                                                                  <h1 class=\"mtn-heading yello-heading\"><p class=\"translation-block\">Pr\u00e9parez-vous pour le<br>\ninattendu.<\/p>\n<\/h1>\n                                                                             <p class=\"mtn-subheading yello-subheading\">Obtenez la tranquillit\u00e9 d'esprit que vous m\u00e9ritez<\/p>\n                                \n                        <\/div>\n                      \n                    <\/div>\n\n                <\/div>\n\n                <div class=\"banner-divider\">\n                <\/div>\n            <\/div>\n    \n            <\/div>\n\n\n<div id=\"section-heading-block_3f0c987a5a132433b087a3349e0c1053\" class=\"section-heading has-text-align-left\">\n<div class=\"mtn-section\">\n<h3 class=\"mtn-heading size- section-heading\"><\/h3>\n<\/div>\n<\/div>\n\n\n<div id=\"section-paragraph-block_06b376bf47ddfa8aa04a640d30e8e8d0\" class=\"section-paragraph has-text-align-left\">\n<div class=\"mtn-body-text mtn-section paragraph\"><div id=\"section-paragraph-block_4c6baeb98c7ca97f06fea489b41c9b2d\" class=\"section-paragraph has-text-align-left\">\n<h2 style=\"text-align: center\">Rechargez avec soin<\/h2>\n<div>\n<p class=\"fs-5 text-white\">B\u00e9n\u00e9ficiez d'une couverture hospitali\u00e8re en cas de maladie et d'accident ainsi que d'une couverture vie pendant au moins 30 jours lorsque vous chargez du temps d'antenne, des donn\u00e9es ou des forfaits MTN \u00e0 partir de Mobile Money.<\/p>\n<\/div>\n<\/div>\n<\/div>\n<\/div>\n\n<div id=\"information-carousel-block_00190990a266a843873991d3e6d53b10\" class=\"information-carousel\">\n    <div class=\"information-carousel-section textDark\"\n        style=\"background: url(),#FCD818;background-size:cover;background-position:center top;\">\n                   <h3 class=\"mtn-heading\">Rechargez avec soin<\/h3>\n                           <div class=\"information-carousel-slider\">\n            \n            <div class=\"information-carousel-slide\">\n               \n                <div class=\"slide-image-section\">\n                                    <img decoding=\"async\" src=\"https:\/\/mtn.cm\/wp-content\/uploads\/2023\/02\/mobile-payment-app-phone-smartphone-svgrepo-com.svg\" alt=\"\">\n                                    <\/div>\n                                <h4 class=\"mtn-heading\">Recharge<\/h4>\n                                <p class=\"mtn-body-text\">Recharge your MTN airtime, data or bundle purchases and receive insurance cover at the same time<\/p>\n                            <\/div>\n\n            \n            <div class=\"information-carousel-slide\">\n               \n                <div class=\"slide-image-section\">\n                                    <img decoding=\"async\" src=\"https:\/\/mtn.cm\/wp-content\/uploads\/2023\/02\/love-svgrepo-com.svg\" alt=\"\">\n                                    <\/div>\n                                <h4 class=\"mtn-heading\">Profite<\/h4>\n                                <p class=\"mtn-body-text\">Enjoy free cover valid for a minimum of 30 days, every time you purchase bundles via MoMo.<\/p>\n                            <\/div>\n\n            \n            <div class=\"information-carousel-slide\">\n               \n                <div class=\"slide-image-section\">\n                                    <img decoding=\"async\" src=\"https:\/\/mtn.cm\/wp-content\/uploads\/2023\/02\/health-svgrepo-com.svg\" alt=\"\">\n                                    <\/div>\n                                <h4 class=\"mtn-heading\">Be Covered<\/h4>\n                                <p class=\"mtn-body-text\">MyLife cover \u2013 In the event that you pass away\r\nMyHospital cover \u2013 if you spend at least 1 night in hospital.<\/p>\n                            <\/div>\n\n                    <\/div>\n        \n    <\/div>\n<\/div>\n\n<div id=\"accordion-block_894e6339cec3cea303f77d60e4918edc\" class=\"accordion widthFull\">\n\n\t<div class=\"mtn-accordion\">\n\t\t\t\t\t<details class=\"mtn-accordion-item\">\n\t\t\t\t<summary class=\"title accordion-toggle\"><span class=\"accordion-title\">Rechargez avec soin<\/span><span><img class =\"downchevron\"\n\t\t\t\t\t\t\t\t\tsrc=\"https:\/\/mtn.cm\/wp-content\/themes\/mtn-vivid-wp\/public\/img\/svgs\/accordion-icon.svg\"\n\t\t\t\t\t\t\t\t\talt=\"What is Recharge With Care\"><\/span><\/summary>\n\t\t\t   <div class=\"panel\">\n\t\t\t\t<p class=\"ng-tns-c118-1\">Rechargez vos achats de temps d'antenne, de donn\u00e9es ou de forfaits MTN et b\u00e9n\u00e9ficiez d'une couverture d'assurance en m\u00eame temps. Vous pouvez obtenir une couverture Life and Hospital simplement en vous inscrivant et en achetant du temps d'antenne, des donn\u00e9es ou des forfaits MTN.<\/p>\n<p class=\"ng-tns-c118-1\">La couverture MyLife est vers\u00e9e \u00e0 votre b\u00e9n\u00e9ficiaire dans le cas malheureux de votre d\u00e9c\u00e8s, tandis que la couverture MyHospital est vers\u00e9e si vous passez une nuit ou plus \u00e0 l'h\u00f4pital en raison d'une maladie ou d'un accident.<\/p>\n\t\t\t   <\/div>\n\n\t\t\t\t\n\t\t\t<\/details>\n\t\t\t\t\t\t\t<details class=\"mtn-accordion-item\">\n\t\t\t\t<summary class=\"title accordion-toggle\"><span class=\"accordion-title\">Quels sont les avantages de la couverture Recharge With Care ?<\/span><span><img class =\"downchevron\"\n\t\t\t\t\t\t\t\t\tsrc=\"https:\/\/mtn.cm\/wp-content\/themes\/mtn-vivid-wp\/public\/img\/svgs\/accordion-icon.svg\"\n\t\t\t\t\t\t\t\t\talt=\"What are the benefits of Recharge With Care cover?\"><\/span><\/summary>\n\t\t\t   <div class=\"panel\">\n\t\t\t\t<h3 class=\"ng-tns-c118-3\">COUVERTURE GRATUITE :<\/h3>\n<p class=\"ng-tns-c118-3\">En vous inscrivant \u00e0 aYo, vous pouvez obtenir une couverture gratuite valable pendant au moins 30 jours, chaque fois que vous achetez des forfaits via MoMo.<\/p>\n<h3 class=\"ng-tns-c118-3\">QU'EST-CE QUE MyFreeCover ? :<\/h3>\n<p class=\"ng-tns-c118-3\">MyFreeCover est compos\u00e9 de :<\/p>\n<p class=\"ng-tns-c118-3\">Couverture MyLife \u2013 en cas de d\u00e9c\u00e8s, votre couverture accumul\u00e9e sera vers\u00e9e \u00e0 votre b\u00e9n\u00e9ficiaire (MyBeneficiary).<\/p>\n<p class=\"ng-tns-c118-3\">Couverture MyHospital - si vous passez au moins 1 nuit \u00e0 l'h\u00f4pital en raison d'un \u00e9v\u00e9nement traumatique (soit un accident, un impact ou une blessure), votre couverture accumul\u00e9e sera vers\u00e9e sur votre compte MTN Mobile Money.<\/p>\n<h3 class=\"ng-tns-c118-3\">ACHETER PLUS DE COUVERTURE\u00a0:<\/h3>\n<p class=\"ng-tns-c118-3\">Vous pouvez acheter plus de couverture pour vous-m\u00eame en vous inscrivant \u00e0 Autoboost et en achetant du temps d'antenne, des donn\u00e9es et des forfaits via MoMo ou \u00e0 tout moment via MyBoost.<\/p>\n<p class=\"ng-tns-c118-3\">Choisissez la couverture que vous souhaitez \u00e0 la prime qui vous convient en d\u00e9finissant votre montant Autoboost. Votre prime peut \u00eatre aussi faible que XAF 200. Ce montant sera automatiquement d\u00e9duit chaque fois que vous chargez du temps d'antenne jusqu'\u00e0 ce que vous atteigniez votre prime maximale pour le mois. Cela signifie qu'aYo ne vous d\u00e9duira pas plus que votre prime maximale en un mois<\/p>\n\t\t\t   <\/div>\n\n\t\t\t\t\n\t\t\t<\/details>\n\t\t\t\t\t\t\t<details class=\"mtn-accordion-item\">\n\t\t\t\t<summary class=\"title accordion-toggle\"><span class=\"accordion-title\">Comment serai-je factur\u00e9 pour l'utilisation de Recharge with Care ?<\/span><span><img class =\"downchevron\"\n\t\t\t\t\t\t\t\t\tsrc=\"https:\/\/mtn.cm\/wp-content\/themes\/mtn-vivid-wp\/public\/img\/svgs\/accordion-icon.svg\"\n\t\t\t\t\t\t\t\t\talt=\"How will I be charged for using Recharge with Care?\"><\/span><\/summary>\n\t\t\t   <div class=\"panel\">\n\t\t\t\t<p class=\"ng-tns-c118-5\">L'inscription \u00e0 aYo est gratuite. Une fois que vous vous \u00eates inscrit, si vous vous inscrivez pour une couverture\/fid\u00e9lit\u00e9 gratuite, vous obtiendrez une couverture gratuite lorsque vous achetez des forfaits \u00e0 l'aide de MoMo<\/p>\n<p class=\"ng-tns-c118-5\">Il ne vous en co\u00fbtera rien pour composer le num\u00e9ro USSD * 126 * 296 # pour vous inscrire et interagir avec aYo car cela a \u00e9t\u00e9 rendu gratuit pour tous les abonn\u00e9s MTN.<\/p>\n<p class=\"ng-tns-c118-5\">Des frais de donn\u00e9es peuvent s'appliquer lorsque vous visitez notre site Web.<\/p>\n\t\t\t   <\/div>\n\n\t\t\t\t\n\t\t\t<\/details>\n\t\t\t\t\t<\/div>\n<\/div>","protected":false},"excerpt":{"rendered":"","protected":false},"author":2,"featured_media":0,"parent":12880,"menu_order":0,"comment_status":"closed","ping_status":"closed","template":"","meta":{"_acf_changed":false,"footnotes":""},"class_list":["post-13343","page","type-page","status-publish","hentry"],"acf":[],"_links":{"self":[{"href":"https:\/\/mtn.cm\/fr\/wp-json\/wp\/v2\/pages\/13343","targetHints":{"allow":["GET"]}}],"collection":[{"href":"https:\/\/mtn.cm\/fr\/wp-json\/wp\/v2\/pages"}],"about":[{"href":"https:\/\/mtn.cm\/fr\/wp-json\/wp\/v2\/types\/page"}],"author":[{"embeddable":true,"href":"https:\/\/mtn.cm\/fr\/wp-json\/wp\/v2\/users\/2"}],"replies":[{"embeddable":true,"href":"https:\/\/mtn.cm\/fr\/wp-json\/wp\/v2\/comments?post=13343"}],"version-history":[{"count":66,"href":"https:\/\/mtn.cm\/fr\/wp-json\/wp\/v2\/pages\/13343\/revisions"}],"predecessor-version":[{"id":14915,"href":"https:\/\/mtn.cm\/fr\/wp-json\/wp\/v2\/pages\/13343\/revisions\/14915"}],"up":[{"embeddable":true,"href":"https:\/\/mtn.cm\/fr\/wp-json\/wp\/v2\/pages\/12880"}],"wp:attachment":[{"href":"https:\/\/mtn.cm\/fr\/wp-json\/wp\/v2\/media?parent=13343"}],"curies":[{"name":"wp","href":"https:\/\/api.w.org\/{rel}","templated":true}]}}