{"id":12918,"date":"2022-12-19T10:32:16","date_gmt":"2022-12-19T10:32:16","guid":{"rendered":"https:\/\/mtn.cm\/\/?page_id=12918"},"modified":"2024-07-02T14:49:11","modified_gmt":"2024-07-02T14:49:11","slug":"coverage-map","status":"publish","type":"page","link":"https:\/\/mtn.cm\/fr\/coverage-map\/","title":{"rendered":"Carte de couverture"},"content":{"rendered":"<div style=\"height:84px\" aria-hidden=\"true\" class=\"wp-block-spacer\"><\/div>\n\n\n<div id=\"section-heading-block_7d245b8e3923c6c9fc3510dcc570a6fc\" class=\"section-heading has-text-align-left\">\n<div class=\"mtn-section\">\n<h3 class=\"mtn-heading size-Responsive section-heading\">Couverture r\u00e9seau<\/h3>\n<\/div>\n<\/div>\n\n\n<div style=\"height:34px\" aria-hidden=\"true\" class=\"wp-block-spacer\"><\/div>\n\n\n\n<center>\n       <iframe loading=\"lazy\" class=\"\u201cdesktop\u201d\" allow=\"geolocation\" src=\"https:\/\/testmapcoverage.mtn-digitalhub.com\/#6\/7.940\/12.832\" width=\"90%\" height=\"550\">\n         <span data-mce-type=\"bookmark\" style=\"display: inline-block; width: 100%; overflow: hidden; line-height: 0;\" class=\"mce_SELRES_start\">\n         <\/span>\n       <\/iframe>\n<\/center>\n\n\n\n<div id=\"section-paragraph-block_00830dd72fbc749b8559680142ca307a\" class=\"section-paragraph has-text-align-left\">\n<div class=\"mtn-body-text mtn-section paragraph\"><p>.<\/p>\n<\/div>\n<\/div>\n\n\n<div id=\"section-paragraph-block_a4506a0239f56fb8e0e12cad910cec3b\" class=\"section-paragraph has-text-align-left\">\n<div class=\"mtn-body-text mtn-section paragraph\">\n<table id=\"tablepress-42\" class=\"tablepress tablepress-id-42\">\n<thead>\n<tr class=\"row-1\">\n\t<th class=\"column-1\">Niveau de couverture voix et donn\u00e9es<\/th><th class=\"column-2\">Implication<\/th>\n<\/tr>\n<\/thead>\n<tbody class=\"row-striping row-hover\">\n<tr class=\"row-2\">\n\t<td class=\"column-1\">Pas de couverture<\/td><td class=\"column-2\">Il est tr\u00e8s peu probable que vous puissiez \u00e9tablir une communication, que ce soit \u00e0 l'int\u00e9rieur ou \u00e0 l'ext\u00e9rieur des b\u00e2timents.<\/td>\n<\/tr>\n<tr class=\"row-3\">\n\t<td class=\"column-1\">Couverture limit\u00e9e<\/td><td class=\"column-2\">Vous devriez pouvoir appeler et envoyer des SMS \u00e0 l'ext\u00e9rieur des b\u00e2timents dans la plupart des cas, mais probablement pas \u00e0 l'int\u00e9rieur<br \/>\nbuildings.<\/td>\n<\/tr>\n<tr class=\"row-4\">\n\t<td class=\"column-1\">Bonne couverture<\/td><td class=\"column-2\">Vous devriez pouvoir appeler et envoyer des SMS \u00e0 l'ext\u00e9rieur des b\u00e2timents dans la plupart des cas, et dans certains cas \u00e0 l'int\u00e9rieur des b\u00e2timents.<\/td>\n<\/tr>\n<tr class=\"row-5\">\n\t<td class=\"column-1\">Tr\u00e8s bonne couverture<\/td><td class=\"column-2\">Vous devriez pouvoir appeler et envoyer des SMS \u00e0 l'ext\u00e9rieur des b\u00e2timents et, dans la plupart des cas, \u00e0 l'int\u00e9rieur des b\u00e2timents<\/td>\n<\/tr>\n<\/tbody>\n<\/table>\n<!-- #tablepress-42 from cache -->\n<\/div>\n<\/div>\n\n\n<div id=\"section-paragraph-block_8b0093410945b28258aaf2269f9cebee\" class=\"section-paragraph has-text-align-left\">\n<div class=\"mtn-body-text mtn-section paragraph\"><h3 class=\"translation-block\">Informations importantes \u00e0 noter<\/h3>\n<ol>\n<li>Les informations sur la couverture sont fournies \u00e0 titre indicatif et n'ont pas de valeur contractuelle. Les zones de couverture sont simul\u00e9es par ordinateur, de sorte que certaines inexactitudes peuvent exister.<\/li>\n<li>La couverture peut varier dans le temps, en raison de nombreux facteurs : saison, conditions m\u00e9t\u00e9orologiques, nombre d'utilisateurs, apparition d'un obstacle, etc.<\/li>\n<\/ol>\n<h3><strong>Message d'impact terminal<\/strong><\/h3>\n<ul>\n<li>La disponibilit\u00e9 du service peut \u00eatre fortement affect\u00e9e par le type et la sensibilit\u00e9 du terminal utilis\u00e9.<\/li>\n<\/ul>\n<\/div>\n<\/div>\n\n\n<p><\/p>","protected":false},"excerpt":{"rendered":"<p><\/p>","protected":false},"author":2,"featured_media":0,"parent":0,"menu_order":0,"comment_status":"closed","ping_status":"closed","template":"","meta":{"_acf_changed":false,"footnotes":""},"class_list":["post-12918","page","type-page","status-publish","hentry"],"acf":[],"_links":{"self":[{"href":"https:\/\/mtn.cm\/fr\/wp-json\/wp\/v2\/pages\/12918","targetHints":{"allow":["GET"]}}],"collection":[{"href":"https:\/\/mtn.cm\/fr\/wp-json\/wp\/v2\/pages"}],"about":[{"href":"https:\/\/mtn.cm\/fr\/wp-json\/wp\/v2\/types\/page"}],"author":[{"embeddable":true,"href":"https:\/\/mtn.cm\/fr\/wp-json\/wp\/v2\/users\/2"}],"replies":[{"embeddable":true,"href":"https:\/\/mtn.cm\/fr\/wp-json\/wp\/v2\/comments?post=12918"}],"version-history":[{"count":88,"href":"https:\/\/mtn.cm\/fr\/wp-json\/wp\/v2\/pages\/12918\/revisions"}],"predecessor-version":[{"id":17633,"href":"https:\/\/mtn.cm\/fr\/wp-json\/wp\/v2\/pages\/12918\/revisions\/17633"}],"wp:attachment":[{"href":"https:\/\/mtn.cm\/fr\/wp-json\/wp\/v2\/media?parent=12918"}],"curies":[{"name":"wp","href":"https:\/\/api.w.org\/{rel}","templated":true}]}}