{"id":12708,"date":"2022-12-13T13:50:06","date_gmt":"2022-12-13T13:50:06","guid":{"rendered":"https:\/\/mtn.cm\/\/?page_id=12708"},"modified":"2022-12-20T14:39:47","modified_gmt":"2022-12-20T14:39:47","slug":"connectivity","status":"publish","type":"page","link":"https:\/\/mtn.cm\/fr\/business\/connectivity\/","title":{"rendered":"Connectivit\u00e9"},"content":{"rendered":"<div class=\"single-banner-section\">\n    \n            <div id=\"banner-block_79b9e6ce723e03a8a5789180760eadce\" class=\"banner\">\n                <div class=\"banner-section desktop-only alignedBottom textLight dark-overlay\" style=\"background:url(https:\/\/mtn.cm\/wp-content\/uploads\/2019\/11\/MTN_SME_529066240-scaled.jpg);background-size: cover;background-position:center center;\">\n                    <div class =\"banner-heading-section\">    \n                        <div class=\"banner-section-container\">\n                                                     <p class=\"mtn-page-title yello-title\">MTN Business<\/p>\n                                                                                  <h1 class=\"mtn-heading yello-heading\"><p>Connectivit\u00e9<\/p>\n<\/h1>\n                                                                        \n                \n            \n                        <\/div>\n                      \n                    <\/div>\n                <\/div>\n                \n                <div class=\"banner-section mobile-only alignedBottom textLight dark-overlay\" style=\"background:url(https:\/\/mtn.cm\/wp-content\/uploads\/2019\/11\/MTN_SME_529066240-scaled.jpg);background-size: cover;background-position:center center;\">\n                    <div class =\"banner-heading-section\">    \n                        <div class=\"banner-section-container\">\n                                                     <p class=\"mtn-page-title yello-title\">MTN Business<\/p>\n                                                                                  <h1 class=\"mtn-heading yello-heading\"><p>Connectivit\u00e9<\/p>\n<\/h1>\n                                                     \n                        <\/div>\n                      \n                    <\/div>\n\n                <\/div>\n\n                <div class=\"banner-divider\">\n                <\/div>\n            <\/div>\n    \n            <\/div>\n\n\n\n<div class=\"wp-block-columns is-layout-flex wp-container-core-columns-is-layout-28f84493 wp-block-columns-is-layout-flex\">\n<div class=\"wp-block-column is-layout-flow wp-block-column-is-layout-flow\"><div id=\"section-heading-block_92986270570f210cd537988d25e88627\" class=\"section-heading aligncenter has-text-align-center\">\n<div class=\"mtn-section\">\n<h3 class=\"mtn-heading size- section-heading\">Adoptez Internet en permanence<\/h3>\n<\/div>\n<\/div><\/div>\n<\/div>\n\n\n\n<div class=\"wp-block-columns is-layout-flex wp-container-core-columns-is-layout-28f84493 wp-block-columns-is-layout-flex\">\n<div class=\"wp-block-column is-layout-flow wp-block-column-is-layout-flow\"><div id=\"section-intro-block_e14231f5df9b75cdf8c31ee1b3dbaf8e\" class=\"section-intro aligncenter has-text-align-center\">\n<div class=\"mtn-body-text mtn-section intro- intro\"><p>Toute entreprise qui se veut durable doit changer la donne et investir dans la transformation num\u00e9rique, car les modes de vie des clients \u00e9voluent, pouss\u00e9s par le monde num\u00e9rique. Pour d\u00e9velopper votre entreprise, vous avez besoin d'un partenaire de connectivit\u00e9 fiable ayant fait ses preuves en mati\u00e8re de qualit\u00e9 de r\u00e9seau et d'engagement envers les accords de niveau de service.<\/p>\n<p>Chez MTN Business, notre objectif est d'accompagner votre entreprise dans le monde num\u00e9rique en fournissant des solutions de connectivit\u00e9 m\u00e9tier telles que VPN pour interconnecter vos sites, internet d\u00e9di\u00e9 pour assurer la continuit\u00e9 de vos services et applications informatiques.<\/p>\n<p>La connectivit\u00e9 est la pierre angulaire de l'entreprise d'aujourd'hui. Il prend en charge vos outils d'entreprise. La communication interne, r\u00e9gionale et transfrontali\u00e8re en d\u00e9pend. Le partage d'informations l'exige. Le temps de disponibilit\u00e9 maximum n'est pas n\u00e9gociable.<\/p>\n<p><strong style=\"font-weight: bold !important\">Votre choix de solutions de connectivit\u00e9 et de communication d\u00e9finit votre durabilit\u00e9.<\/strong><\/p>\n<\/div>\n<\/div><\/div>\n<\/div>\n\n\n\n<div style=\"height:30px\" aria-hidden=\"true\" class=\"wp-block-spacer\"><\/div>\n\n\n\n<div class=\"wp-block-columns mtn-section is-layout-flex wp-container-core-columns-is-layout-28f84493 wp-block-columns-is-layout-flex\">\n<div class=\"wp-block-column startup-sectors is-layout-flow wp-block-column-is-layout-flow\"><div\n    \tclass=\"free align wp-block-csb-content-slider-block\"    id='csbContentSlider-1' \n    data-attributes='{&quot;cId&quot;:&quot;268fadab-7&quot;,&quot;slides&quot;:[{&quot;background&quot;:{&quot;color&quot;:&quot;#00000080&quot;,&quot;type&quot;:&quot;image&quot;,&quot;gradient&quot;:&quot;linear-gradient(135deg, #fe6601, #fbb040)&quot;,&quot;image&quot;:{&quot;id&quot;:10586,&quot;url&quot;:&quot;https:\\\/\\\/mtn.cm\\\/wp-content\\\/uploads\\\/2019\\\/08\\\/mtn-web-pic-160.jpg&quot;,&quot;alt&quot;:&quot;&quot;,&quot;title&quot;:&quot;mtn-web-pic-160&quot;},&quot;position&quot;:&quot;center center&quot;,&quot;attachment&quot;:&quot;initial&quot;,&quot;repeat&quot;:&quot;no-repeat&quot;,&quot;size&quot;:&quot;cover&quot;,&quot;overlayColor&quot;:&quot;rgba(0, 0, 0, 0)&quot;,&quot;styles&quot;:&quot;background: url(https:\\\/\\\/mtn.cm\\\/wp-content\\\/uploads\\\/2019\\\/08\\\/mtn-web-pic-160.jpg); background-position: center center; background-size: cover; background-repeat: no-repeat; background-color: rgba(0, 0, 0, 0); background-blend-mode: overlay;&quot;},&quot;position&quot;:&quot;&quot;,&quot;positionHolder&quot;:&quot;center center&quot;,&quot;childPositions&quot;:[{&quot;top&quot;:41.5,&quot;left&quot;:20.35928143712575},{&quot;top&quot;:56,&quot;left&quot;:18.562874251497007},{&quot;top&quot;:55.75,&quot;left&quot;:43.10897435897436}],&quot;title&quot;:&quot;VPN Services&quot;,&quot;titleColor&quot;:&quot;#fff&quot;,&quot;description&quot;:&quot;Make your business more competitive and productive by interconnecting..&quot;,&quot;descColor&quot;:&quot;#fff&quot;,&quot;btnText&quot;:&quot;View more&quot;,&quot;btnLink&quot;:&quot;#&quot;,&quot;btnColors&quot;:{&quot;color&quot;:&quot;#fff&quot;,&quot;bg&quot;:&quot;rgba(68, 39, 163, 0)&quot;,&quot;bgType&quot;:&quot;solid&quot;,&quot;gradient&quot;:&quot;linear-gradient(135deg, #4527a4, #8344c5)&quot;,&quot;styles&quot;:&quot;color: #fff; background: rgba(68, 39, 163, 0);&quot;},&quot;btnHovColors&quot;:{&quot;color&quot;:&quot;#fff&quot;,&quot;bg&quot;:&quot;rgba(130, 69, 196, 0)&quot;,&quot;bgType&quot;:&quot;solid&quot;,&quot;gradient&quot;:&quot;linear-gradient(135deg, #4527a4, #8344c5)&quot;,&quot;styles&quot;:&quot;color: #fff; background: rgba(130, 69, 196, 0);&quot;}},{&quot;background&quot;:{&quot;color&quot;:&quot;#00000080&quot;,&quot;type&quot;:&quot;image&quot;,&quot;gradient&quot;:&quot;linear-gradient(135deg, #fe6601, #fbb040)&quot;,&quot;image&quot;:{&quot;id&quot;:12045,&quot;url&quot;:&quot;https:\\\/\\\/mtn.cm\\\/wp-content\\\/uploads\\\/2019\\\/11\\\/MTN_SOHO_589370822.jpg&quot;,&quot;alt&quot;:&quot;&quot;,&quot;title&quot;:&quot;MTN_SOHO_589370822&quot;},&quot;position&quot;:&quot;center center&quot;,&quot;attachment&quot;:&quot;initial&quot;,&quot;repeat&quot;:&quot;no-repeat&quot;,&quot;size&quot;:&quot;cover&quot;,&quot;overlayColor&quot;:&quot;rgba(0, 0, 0, 0)&quot;,&quot;styles&quot;:&quot;background: url(https:\\\/\\\/mtn.cm\\\/wp-content\\\/uploads\\\/2019\\\/11\\\/MTN_SOHO_589370822.jpg); background-position: center center; background-size: cover; background-repeat: no-repeat; background-color: rgba(0, 0, 0, 0); background-blend-mode: overlay;&quot;},&quot;position&quot;:&quot;&quot;,&quot;positionHolder&quot;:&quot;center center&quot;,&quot;childPositions&quot;:[{&quot;top&quot;:41.5,&quot;left&quot;:20.35928143712575},{&quot;top&quot;:56,&quot;left&quot;:18.562874251497007},{&quot;top&quot;:55.75,&quot;left&quot;:43.10897435897436}],&quot;title&quot;:&quot;Dedicated Internet&quot;,&quot;titleColor&quot;:&quot;#fff&quot;,&quot;description&quot;:&quot;Make your business more competitive and productive from 175...&quot;,&quot;descColor&quot;:&quot;#fff&quot;,&quot;btnText&quot;:&quot;View more&quot;,&quot;btnLink&quot;:&quot;#&quot;,&quot;btnColors&quot;:{&quot;color&quot;:&quot;#fff&quot;,&quot;bg&quot;:&quot;rgba(68, 39, 163, 0)&quot;,&quot;bgType&quot;:&quot;solid&quot;,&quot;gradient&quot;:&quot;linear-gradient(135deg, #4527a4, #8344c5)&quot;,&quot;styles&quot;:&quot;color: #fff; background: rgba(68, 39, 163, 0);&quot;},&quot;btnHovColors&quot;:{&quot;color&quot;:&quot;#fff&quot;,&quot;bg&quot;:&quot;rgba(130, 69, 196, 0)&quot;,&quot;bgType&quot;:&quot;solid&quot;,&quot;gradient&quot;:&quot;linear-gradient(135deg, #4527a4, #8344c5)&quot;,&quot;styles&quot;:&quot;color: #fff; background: rgba(130, 69, 196, 0);&quot;}}],&quot;columns&quot;:{&quot;desktop&quot;:3,&quot;tablet&quot;:1,&quot;mobile&quot;:1},&quot;columnGap&quot;:25,&quot;sliderHeight&quot;:&quot;300px&quot;,&quot;pageBorder&quot;:{&quot;radius&quot;:&quot;50%&quot;,&quot;width&quot;:&quot;0px&quot;,&quot;style&quot;:&quot;solid&quot;,&quot;color&quot;:&quot;#0000&quot;,&quot;side&quot;:&quot;all&quot;,&quot;styles&quot;:&quot;border-radius: 50%;&quot;},&quot;titleTypo&quot;:{&quot;fontSize&quot;:25,&quot;styles&quot;:&quot;font-size: 25px; line-height: 135%;&quot;,&quot;googleFontLink&quot;:&quot;&quot;},&quot;isDesc&quot;:false,&quot;descTypo&quot;:{&quot;fontSize&quot;:15,&quot;styles&quot;:&quot;font-size: 15px; line-height: 135%;&quot;,&quot;googleFontLink&quot;:&quot;&quot;},&quot;btnTypo&quot;:{&quot;fontSize&quot;:16,&quot;styles&quot;:&quot;font-size: 16px; line-height: 135%;&quot;,&quot;googleFontLink&quot;:&quot;&quot;},&quot;btnPadding&quot;:{&quot;vertical&quot;:&quot;12px&quot;,&quot;horizontal&quot;:&quot;35px&quot;,&quot;side&quot;:2,&quot;top&quot;:&quot;0px&quot;,&quot;right&quot;:&quot;0px&quot;,&quot;bottom&quot;:&quot;0px&quot;,&quot;left&quot;:&quot;0px&quot;,&quot;styles&quot;:&quot;12px 35px&quot;},&quot;btnBorder&quot;:{&quot;radius&quot;:&quot;50px&quot;,&quot;width&quot;:&quot;2px&quot;,&quot;style&quot;:&quot;solid&quot;,&quot;color&quot;:&quot;#ffffff&quot;,&quot;side&quot;:&quot;all&quot;,&quot;styles&quot;:&quot;border-top: 2px solid #ffffff; border-right: 2px solid #ffffff; border-bottom: 2px solid #ffffff; border-left: 2px solid #ffffff; border-radius: 50px;&quot;},&quot;align&quot;:&quot;&quot;,&quot;sliderWidth&quot;:&quot;100%&quot;,&quot;sliderAlign&quot;:&quot;center&quot;,&quot;isLoop&quot;:true,&quot;isTouchMove&quot;:true,&quot;speed&quot;:1.5,&quot;isAutoplay&quot;:true,&quot;autoplayOptions&quot;:{&quot;delay&quot;:1.5,&quot;disableOnInteraction&quot;:false,&quot;reverseDirection&quot;:false,&quot;pauseOnMouseEnter&quot;:false,&quot;stopOnLastSlide&quot;:false},&quot;freeModeOptions&quot;:{&quot;enabled&quot;:false,&quot;sticky&quot;:false},&quot;effect&quot;:&quot;slide&quot;,&quot;keyboardOptions&quot;:{&quot;enabled&quot;:false},&quot;isMousewheel&quot;:false,&quot;isPage&quot;:true,&quot;pageOnDevice&quot;:{&quot;tablet&quot;:true,&quot;mobile&quot;:true},&quot;isPageClickable&quot;:true,&quot;isPageDynamic&quot;:true,&quot;isPrevNext&quot;:true,&quot;prevNextOnDevice&quot;:{&quot;tablet&quot;:true,&quot;mobile&quot;:true},&quot;sliderBG&quot;:{&quot;color&quot;:&quot;#0000&quot;},&quot;sliderPadding&quot;:{&quot;vertical&quot;:&quot;0px&quot;,&quot;horizontal&quot;:&quot;0px&quot;},&quot;pageColor&quot;:&quot;#fff&quot;,&quot;pageWidth&quot;:&quot;15px&quot;,&quot;pageHeight&quot;:&quot;15px&quot;,&quot;prevNextColor&quot;:&quot;#fff&quot;,&quot;isTitle&quot;:true,&quot;descColor&quot;:&quot;&quot;,&quot;isBtn&quot;:true,&quot;linkTarget&quot;:&quot;_blank&quot;,&quot;TrpContentRestriction&quot;:{&quot;restriction_type&quot;:&quot;exclude&quot;,&quot;selected_languages&quot;:[],&quot;panel_open&quot;:true}}'\n><\/div><\/div>\n<\/div>","protected":false},"excerpt":{"rendered":"","protected":false},"author":2,"featured_media":0,"parent":47,"menu_order":0,"comment_status":"closed","ping_status":"closed","template":"","meta":{"_acf_changed":false,"footnotes":""},"class_list":["post-12708","page","type-page","status-publish","hentry"],"acf":[],"_links":{"self":[{"href":"https:\/\/mtn.cm\/fr\/wp-json\/wp\/v2\/pages\/12708","targetHints":{"allow":["GET"]}}],"collection":[{"href":"https:\/\/mtn.cm\/fr\/wp-json\/wp\/v2\/pages"}],"about":[{"href":"https:\/\/mtn.cm\/fr\/wp-json\/wp\/v2\/types\/page"}],"author":[{"embeddable":true,"href":"https:\/\/mtn.cm\/fr\/wp-json\/wp\/v2\/users\/2"}],"replies":[{"embeddable":true,"href":"https:\/\/mtn.cm\/fr\/wp-json\/wp\/v2\/comments?post=12708"}],"version-history":[{"count":9,"href":"https:\/\/mtn.cm\/fr\/wp-json\/wp\/v2\/pages\/12708\/revisions"}],"predecessor-version":[{"id":12978,"href":"https:\/\/mtn.cm\/fr\/wp-json\/wp\/v2\/pages\/12708\/revisions\/12978"}],"up":[{"embeddable":true,"href":"https:\/\/mtn.cm\/fr\/wp-json\/wp\/v2\/pages\/47"}],"wp:attachment":[{"href":"https:\/\/mtn.cm\/fr\/wp-json\/wp\/v2\/media?parent=12708"}],"curies":[{"name":"wp","href":"https:\/\/api.w.org\/{rel}","templated":true}]}}