{"id":12464,"date":"2022-12-05T03:42:20","date_gmt":"2022-12-05T03:42:20","guid":{"rendered":"https:\/\/mtn.cm\/\/?page_id=12464"},"modified":"2023-01-11T14:02:09","modified_gmt":"2023-01-11T14:02:09","slug":"21-days-of-yellow-care","status":"publish","type":"page","link":"https:\/\/mtn.cm\/fr\/foundation\/21-days-of-yellow-care\/","title":{"rendered":"21 days of Y&#8217;ellow care"},"content":{"rendered":"<div class=\"single-banner-section\">\n    \n            <div id=\"banner-block_412a7775861ac5f749025cc20d7d9bdb\" class=\"banner\">\n                <div class=\"banner-section desktop-only alignedBottom textLight dark-overlay\" style=\"background:url(https:\/\/mtn.cm\/wp-content\/uploads\/2022\/12\/yello-care.png);background-size: cover;background-position:center center;\">\n                    <div class =\"banner-heading-section\">    \n                        <div class=\"banner-section-container\">\n                                                     <p class=\"mtn-page-title yello-title\">Y&#039;ello Care<\/p>\n                                                                                  <h1 class=\"mtn-heading yello-heading\"><p>21 days of y&#8217;ello care<\/p>\n<\/h1>\n                                                                        \n                \n            \n                        <\/div>\n                      \n                    <\/div>\n                <\/div>\n                \n                <div class=\"banner-section mobile-only alignedBottom textLight dark-overlay\" style=\"background:url(https:\/\/mtn.cm\/wp-content\/uploads\/2022\/12\/yello-care.png);background-size: cover;background-position:center center;\">\n                    <div class =\"banner-heading-section\">    \n                        <div class=\"banner-section-container\">\n                                                     <p class=\"mtn-page-title yello-title\">Y&#039;ello Care<\/p>\n                                                                                  <h1 class=\"mtn-heading yello-heading\"><p>21 days of y&#8217;ello care<\/p>\n<\/h1>\n                                                     \n                        <\/div>\n                      \n                    <\/div>\n\n                <\/div>\n\n                <div class=\"banner-divider\">\n                <\/div>\n            <\/div>\n    \n            <\/div>\n\n\n\n<div id=\"section-paragraph-block_89022ae7df9cd474ff05230e79f4d15d\" class=\"section-paragraph has-text-align-left\">\n<div class=\"mtn-body-text mtn-section paragraph\"><p>\u201c21 Days of <strong>Y\u2019ello<\/strong> Le programme Care'' est une initiative caritative et bienveillante cr\u00e9\u00e9e par le Groupe MTN, qui engage chaque ann\u00e9e ses collaborateurs \u00e0 mener pendant 21 jours, des actions sociales pour le bien-\u00eatre des communaut\u00e9s dans les 22 empreintes du Groupe \u00e0 travers le monde depuis 2007 .<\/p>\n<p>Le programme \u00ab 21 jours de <strong>Y\u2019ello<\/strong> Care \u00bb est un compl\u00e9ment de politique d'investissement social incarn\u00e9 par la Fondation MTN. Contrairement aux projets de la Fondation qui sont financ\u00e9s par la Soci\u00e9t\u00e9 et r\u00e9alis\u00e9s dans la dur\u00e9e, les \u00ab 21 Jours de <strong>Y\u2019ello<\/strong> Care'' est soutenu par les efforts des employ\u00e9s. Dans toutes les empreintes du groupe MTN, les employ\u00e9s d\u00e9finissent eux-m\u00eames les actions sociales qu'ils entendent mener, puis s'investissent mat\u00e9riellement et personnellement dans la r\u00e9alisation de tels projets.<\/p>\n<p>Each year, the 21 Days of<strong> Y\u2019ello<\/strong> Le programme de soins est centr\u00e9 sur un th\u00e8me li\u00e9 \u00e0 l'\u00e9ducation, \u00e0 la sant\u00e9, \u00e0 l'environnement ou \u00e0 l'autonomisation des jeunes.<\/p>\n<p><strong>21 jours de Y\u2019ello Care au Cameroun : 13 ans de volontariat<\/strong><\/p>\n<p>Il y a 13 ans, le groupe MTN lan\u00e7ait les 21 jours de<strong> Y\u2019ello<\/strong> Se soucier. L'\u00e9dition 2019 marquera les 13 ans de cette initiative bienveillante et caritative. 13 ans d'engagement; 13 ans de volontariat ; 13 ans au service des collectivit\u00e9s.<\/p>\n<p>Depuis le lancement en 2007 des \u00ab 21 Jours de <strong>Y\u2019ello<\/strong> Care \u00bb, MTN Cameroun a \u00e9t\u00e9 d\u00e9clar\u00e9 vainqueur en 2012, 2013 et 2015 du programme dans le cadre duquel les 22 op\u00e9rations du groupe s'affrontent chaque ann\u00e9e pour remporter le troph\u00e9e du pr\u00e9sident et chef de la direction du groupe MTN et le prix annuel en esp\u00e8ces de 100 000 $ qui l'accompagne. En 2016 et 2017, la soci\u00e9t\u00e9 a remport\u00e9 le prix du vice-pr\u00e9sident de l'Afrique de l'Ouest et du Centre (WECA) et le prix annuel en esp\u00e8ces de 30 000 $. Une r\u00e9alisation exceptionnelle par une Op\u00e9ration. Cette reconnaissance par le pr\u00e9sident et chef de la direction du groupe MTN et vice-pr\u00e9sident de WECA, t\u00e9moigne de l'engagement de MTN Cameroun \u00e0 changer des vies et \u00e0 redonner le sourire aux communaut\u00e9s, ainsi qu'\u00e0 montrer la solidarit\u00e9, la gentillesse, la g\u00e9n\u00e9rosit\u00e9 et l'humanit\u00e9 du personnel de MTNC qui n'a jamais cess\u00e9 d'aider. les n\u00e9cessiteux.<\/p>\n<p>Cette ann\u00e9e encore, le personnel de MTNC avec le m\u00eame amour et le m\u00eame soin s'engagera \u00e0 soutenir les membres de leurs communaut\u00e9s. 21 jours au Cameroun, outre les troph\u00e9es et les prix en esp\u00e8ces pour l'investissement dans des projets sociaux, c'est partager avec le c\u0153ur.<\/p>\n<\/div>\n<\/div>","protected":false},"excerpt":{"rendered":"","protected":false},"author":2,"featured_media":0,"parent":43,"menu_order":0,"comment_status":"closed","ping_status":"closed","template":"","meta":{"_acf_changed":false,"footnotes":""},"class_list":["post-12464","page","type-page","status-publish","hentry"],"acf":[],"_links":{"self":[{"href":"https:\/\/mtn.cm\/fr\/wp-json\/wp\/v2\/pages\/12464","targetHints":{"allow":["GET"]}}],"collection":[{"href":"https:\/\/mtn.cm\/fr\/wp-json\/wp\/v2\/pages"}],"about":[{"href":"https:\/\/mtn.cm\/fr\/wp-json\/wp\/v2\/types\/page"}],"author":[{"embeddable":true,"href":"https:\/\/mtn.cm\/fr\/wp-json\/wp\/v2\/users\/2"}],"replies":[{"embeddable":true,"href":"https:\/\/mtn.cm\/fr\/wp-json\/wp\/v2\/comments?post=12464"}],"version-history":[{"count":7,"href":"https:\/\/mtn.cm\/fr\/wp-json\/wp\/v2\/pages\/12464\/revisions"}],"predecessor-version":[{"id":13898,"href":"https:\/\/mtn.cm\/fr\/wp-json\/wp\/v2\/pages\/12464\/revisions\/13898"}],"up":[{"embeddable":true,"href":"https:\/\/mtn.cm\/fr\/wp-json\/wp\/v2\/pages\/43"}],"wp:attachment":[{"href":"https:\/\/mtn.cm\/fr\/wp-json\/wp\/v2\/media?parent=12464"}],"curies":[{"name":"wp","href":"https:\/\/api.w.org\/{rel}","templated":true}]}}